{"id":9496,"date":"2020-04-03T10:30:34","date_gmt":"2020-04-03T10:30:34","guid":{"rendered":"https:\/\/holdbox.eu\/?post_type=product&#038;p=9496"},"modified":"2021-02-11T09:17:27","modified_gmt":"2021-02-11T09:17:27","slug":"forio-sq-es111-czarny","status":"publish","type":"product","link":"https:\/\/holdbox.eu\/?product=forio-sq-es111-czarny","title":{"rendered":"Forio SQ-ES111 Czarny"},"content":{"rendered":"<p><a href=\"https:\/\/holdbox.eu\/wp-content\/uploads\/2020\/04\/Karta-katalogowa-FORIO-SQ.pdf\" target=\"_blank\" rel=\"noopener noreferrer\">Karta katalogowa.PDF<\/a><br \/>\n<a href=\"https:\/\/holdbox.eu\/wp-content\/uploads\/2020\/04\/Pobierz-instrukcj\u0119-FORIO-SQ.PDF.pdf\" target=\"_blank\" rel=\"noopener noreferrer\">Instrukcja.PDF<\/a><br \/>\n<a href=\"https:\/\/holdbox.eu\/wp-content\/uploads\/2020\/04\/CE-FORIO.pdf\" target=\"_blank\" rel=\"noopener noreferrer\">Deklaracja CE<\/a><\/p>\n","protected":false},"excerpt":{"rendered":"<p style=\"text-align: center;\">Natynkowa lampa z wymiennym \u017ar\u00f3d\u0142em \u015bwiat\u0142a. Idealna do nadania przytulnego klimatu.<\/p>\n<p><img loading=\"lazy\" decoding=\"async\" class=\"wp-image-12497 aligncenter\" src=\"https:\/\/holdbox.eu\/wp-content\/uploads\/2020\/04\/HB12079-FORIO-SQ-ES111-CZARNA-A.jpg\" alt=\"\" width=\"500\" height=\"500\" srcset=\"https:\/\/i0.wp.com\/holdbox.eu\/wp-content\/uploads\/2020\/04\/HB12079-FORIO-SQ-ES111-CZARNA-A.jpg?w=1024&amp;ssl=1 1024w, https:\/\/i0.wp.com\/holdbox.eu\/wp-content\/uploads\/2020\/04\/HB12079-FORIO-SQ-ES111-CZARNA-A.jpg?resize=100%2C100&amp;ssl=1 100w, https:\/\/i0.wp.com\/holdbox.eu\/wp-content\/uploads\/2020\/04\/HB12079-FORIO-SQ-ES111-CZARNA-A.jpg?resize=64%2C64&amp;ssl=1 64w, https:\/\/i0.wp.com\/holdbox.eu\/wp-content\/uploads\/2020\/04\/HB12079-FORIO-SQ-ES111-CZARNA-A.jpg?resize=300%2C300&amp;ssl=1 300w, https:\/\/i0.wp.com\/holdbox.eu\/wp-content\/uploads\/2020\/04\/HB12079-FORIO-SQ-ES111-CZARNA-A.jpg?resize=150%2C150&amp;ssl=1 150w, https:\/\/i0.wp.com\/holdbox.eu\/wp-content\/uploads\/2020\/04\/HB12079-FORIO-SQ-ES111-CZARNA-A.jpg?resize=768%2C768&amp;ssl=1 768w, https:\/\/i0.wp.com\/holdbox.eu\/wp-content\/uploads\/2020\/04\/HB12079-FORIO-SQ-ES111-CZARNA-A.jpg?resize=145%2C145&amp;ssl=1 145w, https:\/\/i0.wp.com\/holdbox.eu\/wp-content\/uploads\/2020\/04\/HB12079-FORIO-SQ-ES111-CZARNA-A.jpg?resize=50%2C50&amp;ssl=1 50w\" sizes=\"auto, (max-width: 500px) 100vw, 500px\" \/><\/p>\n","protected":false},"featured_media":12494,"template":"","meta":[],"product_brand":[],"product_cat":[92],"product_tag":[],"class_list":{"0":"post-9496","1":"product","2":"type-product","3":"status-publish","4":"has-post-thumbnail","6":"product_cat-oprawy-natynkowe","9":"first","10":"instock","11":"shipping-taxable","12":"product-type-simple"},"jetpack-related-posts":[],"jetpack_sharing_enabled":true,"_links":{"self":[{"href":"https:\/\/holdbox.eu\/index.php?rest_route=\/wp\/v2\/product\/9496","targetHints":{"allow":["GET"]}}],"collection":[{"href":"https:\/\/holdbox.eu\/index.php?rest_route=\/wp\/v2\/product"}],"about":[{"href":"https:\/\/holdbox.eu\/index.php?rest_route=\/wp\/v2\/types\/product"}],"wp:featuredmedia":[{"embeddable":true,"href":"https:\/\/holdbox.eu\/index.php?rest_route=\/wp\/v2\/media\/12494"}],"wp:attachment":[{"href":"https:\/\/holdbox.eu\/index.php?rest_route=%2Fwp%2Fv2%2Fmedia&parent=9496"}],"wp:term":[{"taxonomy":"product_brand","embeddable":true,"href":"https:\/\/holdbox.eu\/index.php?rest_route=%2Fwp%2Fv2%2Fproduct_brand&post=9496"},{"taxonomy":"product_cat","embeddable":true,"href":"https:\/\/holdbox.eu\/index.php?rest_route=%2Fwp%2Fv2%2Fproduct_cat&post=9496"},{"taxonomy":"product_tag","embeddable":true,"href":"https:\/\/holdbox.eu\/index.php?rest_route=%2Fwp%2Fv2%2Fproduct_tag&post=9496"}],"curies":[{"name":"wp","href":"https:\/\/api.w.org\/{rel}","templated":true}]}}