{"id":9495,"date":"2020-04-03T10:29:10","date_gmt":"2020-04-03T10:29:10","guid":{"rendered":"https:\/\/holdbox.eu\/?post_type=product&#038;p=9495"},"modified":"2021-02-11T09:08:11","modified_gmt":"2021-02-11T09:08:11","slug":"forio-sq-es111-bialy","status":"publish","type":"product","link":"https:\/\/holdbox.eu\/?product=forio-sq-es111-bialy","title":{"rendered":"Forio SQ-ES111 Bia\u0142y"},"content":{"rendered":"<p><a href=\"https:\/\/holdbox.eu\/wp-content\/uploads\/2020\/04\/Karta-katalogowa-FORIO-SQ.pdf\" target=\"_blank\" rel=\"noopener noreferrer\">Karta katalogowa.PDF<\/a><br \/>\n<a href=\"https:\/\/holdbox.eu\/wp-content\/uploads\/2020\/04\/Pobierz-instrukcj\u0119-FORIO-SQ.PDF.pdf\" target=\"_blank\" rel=\"noopener noreferrer\">Instrukcja.PDF<\/a><br \/>\n<a href=\"https:\/\/holdbox.eu\/wp-content\/uploads\/2020\/04\/CE-FORIO.pdf\" target=\"_blank\" rel=\"noopener noreferrer\">Deklaracja CE<\/a><\/p>\n","protected":false},"excerpt":{"rendered":"<p style=\"text-align: center;\">Natynkowa lampa z wymiennym \u017ar\u00f3d\u0142em \u015bwiat\u0142a. Idealna do nadania przytulnego klimatu.<\/p>\n<p><img loading=\"lazy\" decoding=\"async\" class=\"wp-image-12487 aligncenter\" src=\"https:\/\/holdbox.eu\/wp-content\/uploads\/2020\/04\/HB12078-FORIO-SQ-ES111-BIA\u0141A-A.jpg\" alt=\"\" width=\"500\" height=\"500\" \/><\/p>\n","protected":false},"featured_media":12492,"template":"","meta":[],"product_brand":[],"product_cat":[92],"product_tag":[],"class_list":{"0":"post-9495","1":"product","2":"type-product","3":"status-publish","4":"has-post-thumbnail","6":"product_cat-oprawy-natynkowe","9":"first","10":"instock","11":"shipping-taxable","12":"product-type-simple"},"jetpack-related-posts":[],"jetpack_sharing_enabled":true,"_links":{"self":[{"href":"https:\/\/holdbox.eu\/index.php?rest_route=\/wp\/v2\/product\/9495","targetHints":{"allow":["GET"]}}],"collection":[{"href":"https:\/\/holdbox.eu\/index.php?rest_route=\/wp\/v2\/product"}],"about":[{"href":"https:\/\/holdbox.eu\/index.php?rest_route=\/wp\/v2\/types\/product"}],"wp:featuredmedia":[{"embeddable":true,"href":"https:\/\/holdbox.eu\/index.php?rest_route=\/wp\/v2\/media\/12492"}],"wp:attachment":[{"href":"https:\/\/holdbox.eu\/index.php?rest_route=%2Fwp%2Fv2%2Fmedia&parent=9495"}],"wp:term":[{"taxonomy":"product_brand","embeddable":true,"href":"https:\/\/holdbox.eu\/index.php?rest_route=%2Fwp%2Fv2%2Fproduct_brand&post=9495"},{"taxonomy":"product_cat","embeddable":true,"href":"https:\/\/holdbox.eu\/index.php?rest_route=%2Fwp%2Fv2%2Fproduct_cat&post=9495"},{"taxonomy":"product_tag","embeddable":true,"href":"https:\/\/holdbox.eu\/index.php?rest_route=%2Fwp%2Fv2%2Fproduct_tag&post=9495"}],"curies":[{"name":"wp","href":"https:\/\/api.w.org\/{rel}","templated":true}]}}