{"id":9356,"date":"2020-04-02T12:27:06","date_gmt":"2020-04-02T12:27:06","guid":{"rendered":"https:\/\/holdbox.eu\/?post_type=product&#038;p=9356"},"modified":"2024-06-20T15:52:18","modified_gmt":"2024-06-20T13:52:18","slug":"bergamo-ceiling-17w-biala","status":"publish","type":"product","link":"https:\/\/holdbox.eu\/?product=bergamo-ceiling-17w-biala","title":{"rendered":"Bergamo Ceiling 17W Bia\u0142a"},"content":{"rendered":"<p><a href=\"https:\/\/holdbox.eu\/wp-content\/uploads\/2020\/04\/HB12098_99-KARTA-KATALOGOWA-BERGAMO-CEILING.pdf\" target=\"_blank\" rel=\"noopener\">Karta katalogowa.PDF<\/a><br \/>\n<a href=\"https:\/\/holdbox.eu\/wp-content\/uploads\/2020\/04\/Pobierz-instrukcj\u0119-BERGAMO-CEILING-17W.PDF.pdf\" target=\"_blank\" rel=\"noopener noreferrer\">Instrukcja.PDF<\/a><br \/>\n<a href=\"https:\/\/holdbox.eu\/wp-content\/uploads\/2020\/04\/CE-BERGAMO.pdf\" target=\"_blank\" rel=\"noopener noreferrer\">Deklaracja CE<\/a><br \/>\n<a href=\"https:\/\/eprel.ec.europa.eu\/screen\/product\/lightsources\/676740\" target=\"_blank\" rel=\"noopener\"><img data-recalc-dims=\"1\" loading=\"lazy\" decoding=\"async\" class=\"alignleft wp-image-15802\" src=\"https:\/\/i0.wp.com\/holdbox.eu\/wp-content\/uploads\/2020\/04\/F_Left.png?resize=100%2C60&#038;ssl=1\" alt=\"\" width=\"100\" height=\"60\" srcset=\"https:\/\/i0.wp.com\/holdbox.eu\/wp-content\/uploads\/2020\/04\/F_Left.png?resize=300%2C180&amp;ssl=1 300w, https:\/\/i0.wp.com\/holdbox.eu\/wp-content\/uploads\/2020\/04\/F_Left.png?resize=64%2C38&amp;ssl=1 64w, https:\/\/i0.wp.com\/holdbox.eu\/wp-content\/uploads\/2020\/04\/F_Left.png?w=472&amp;ssl=1 472w\" sizes=\"auto, (max-width: 100px) 100vw, 100px\" \/><\/a><\/p>\n","protected":false},"excerpt":{"rendered":"<p style=\"text-align: center;\">Natynkowa lampa z wbudowanym \u017ar\u00f3d\u0142em LED. Idealna do salonu lub jadalni.<\/p>\n<p><img loading=\"lazy\" decoding=\"async\" class=\"wp-image-11262 aligncenter\" src=\"https:\/\/holdbox.eu\/wp-content\/uploads\/2020\/04\/HB12098-BERGAMO-CEILING-17W-A.jpg\" alt=\"\" width=\"500\" height=\"500\" srcset=\"https:\/\/i0.wp.com\/holdbox.eu\/wp-content\/uploads\/2020\/04\/HB12098-BERGAMO-CEILING-17W-A.jpg?w=1024&amp;ssl=1 1024w, https:\/\/i0.wp.com\/holdbox.eu\/wp-content\/uploads\/2020\/04\/HB12098-BERGAMO-CEILING-17W-A.jpg?resize=100%2C100&amp;ssl=1 100w, https:\/\/i0.wp.com\/holdbox.eu\/wp-content\/uploads\/2020\/04\/HB12098-BERGAMO-CEILING-17W-A.jpg?resize=64%2C64&amp;ssl=1 64w, https:\/\/i0.wp.com\/holdbox.eu\/wp-content\/uploads\/2020\/04\/HB12098-BERGAMO-CEILING-17W-A.jpg?resize=300%2C300&amp;ssl=1 300w, https:\/\/i0.wp.com\/holdbox.eu\/wp-content\/uploads\/2020\/04\/HB12098-BERGAMO-CEILING-17W-A.jpg?resize=150%2C150&amp;ssl=1 150w, https:\/\/i0.wp.com\/holdbox.eu\/wp-content\/uploads\/2020\/04\/HB12098-BERGAMO-CEILING-17W-A.jpg?resize=768%2C768&amp;ssl=1 768w, https:\/\/i0.wp.com\/holdbox.eu\/wp-content\/uploads\/2020\/04\/HB12098-BERGAMO-CEILING-17W-A.jpg?resize=145%2C145&amp;ssl=1 145w, https:\/\/i0.wp.com\/holdbox.eu\/wp-content\/uploads\/2020\/04\/HB12098-BERGAMO-CEILING-17W-A.jpg?resize=50%2C50&amp;ssl=1 50w\" sizes=\"auto, (max-width: 500px) 100vw, 500px\" \/><\/p>\n","protected":false},"featured_media":11261,"template":"","meta":[],"product_brand":[],"product_cat":[92],"product_tag":[],"class_list":{"0":"post-9356","1":"product","2":"type-product","3":"status-publish","4":"has-post-thumbnail","6":"product_cat-oprawy-natynkowe","9":"first","10":"outofstock","11":"shipping-taxable","12":"product-type-simple"},"jetpack-related-posts":[],"jetpack_sharing_enabled":true,"_links":{"self":[{"href":"https:\/\/holdbox.eu\/index.php?rest_route=\/wp\/v2\/product\/9356","targetHints":{"allow":["GET"]}}],"collection":[{"href":"https:\/\/holdbox.eu\/index.php?rest_route=\/wp\/v2\/product"}],"about":[{"href":"https:\/\/holdbox.eu\/index.php?rest_route=\/wp\/v2\/types\/product"}],"wp:featuredmedia":[{"embeddable":true,"href":"https:\/\/holdbox.eu\/index.php?rest_route=\/wp\/v2\/media\/11261"}],"wp:attachment":[{"href":"https:\/\/holdbox.eu\/index.php?rest_route=%2Fwp%2Fv2%2Fmedia&parent=9356"}],"wp:term":[{"taxonomy":"product_brand","embeddable":true,"href":"https:\/\/holdbox.eu\/index.php?rest_route=%2Fwp%2Fv2%2Fproduct_brand&post=9356"},{"taxonomy":"product_cat","embeddable":true,"href":"https:\/\/holdbox.eu\/index.php?rest_route=%2Fwp%2Fv2%2Fproduct_cat&post=9356"},{"taxonomy":"product_tag","embeddable":true,"href":"https:\/\/holdbox.eu\/index.php?rest_route=%2Fwp%2Fv2%2Fproduct_tag&post=9356"}],"curies":[{"name":"wp","href":"https:\/\/api.w.org\/{rel}","templated":true}]}}