{"id":9241,"date":"2020-04-01T12:42:12","date_gmt":"2020-04-01T12:42:12","guid":{"rendered":"https:\/\/holdbox.eu\/?post_type=product&#038;p=9241"},"modified":"2021-09-30T10:35:30","modified_gmt":"2021-09-30T08:35:30","slug":"milano-bed-side-led-bialy","status":"publish","type":"product","link":"https:\/\/holdbox.eu\/?product=milano-bed-side-led-bialy","title":{"rendered":"Milano Ceiling 7,5W Bia\u0142y"},"content":{"rendered":"<p><a href=\"https:\/\/holdbox.eu\/wp-content\/uploads\/2020\/04\/HB12039_40-KARTA-KATALOGOWA-MILANO-CEILING.pdf\" target=\"_blank\" rel=\"noopener\">Karta katalogowa.PDF<\/a><br \/>\n<a href=\"https:\/\/holdbox.eu\/wp-content\/uploads\/2020\/04\/Pobierz-instrukcj\u0119-MILANO-CEILING.PDF.pdf\" target=\"_blank\" rel=\"noopener noreferrer\">Instrukcja.PDF<\/a><br \/>\n<a href=\"https:\/\/holdbox.eu\/wp-content\/uploads\/2020\/04\/CE-MILANO.pdf\" target=\"_blank\" rel=\"noopener noreferrer\">Deklaracja CE<\/a><br \/>\n<a href=\"https:\/\/eprel.ec.europa.eu\/screen\/product\/lightsources\/598619\" target=\"_blank\" rel=\"noopener\"><img data-recalc-dims=\"1\" loading=\"lazy\" decoding=\"async\" class=\"alignleft wp-image-15811\" src=\"https:\/\/i0.wp.com\/holdbox.eu\/wp-content\/uploads\/2020\/04\/G_Left.png?resize=100%2C60&#038;ssl=1\" alt=\"\" width=\"100\" height=\"60\" srcset=\"https:\/\/i0.wp.com\/holdbox.eu\/wp-content\/uploads\/2020\/04\/G_Left.png?resize=300%2C180&amp;ssl=1 300w, https:\/\/i0.wp.com\/holdbox.eu\/wp-content\/uploads\/2020\/04\/G_Left.png?resize=64%2C38&amp;ssl=1 64w, https:\/\/i0.wp.com\/holdbox.eu\/wp-content\/uploads\/2020\/04\/G_Left.png?w=472&amp;ssl=1 472w\" sizes=\"auto, (max-width: 100px) 100vw, 100px\" \/><\/a><\/p>\n<div class=\"notranslate\" style=\"all: initial;\"><\/div>\n","protected":false},"excerpt":{"rendered":"<p style=\"text-align: center;\">Lampa \u015bcienna z wbudowanym \u017ar\u00f3d\u0142em LED. Sprawdzi si\u0119 w prywatnym pomieszczeniu jak i w pokojach hotelowych.<\/p>\n<p><img loading=\"lazy\" decoding=\"async\" class=\"wp-image-10232 aligncenter\" src=\"https:\/\/holdbox.eu\/wp-content\/uploads\/2020\/04\/HB12039-MILANO-CEILING-BIA\u0141A-A-1.jpg\" alt=\"\" width=\"500\" height=\"500\" \/><\/p>\n","protected":false},"featured_media":10228,"template":"","meta":[],"product_brand":[],"product_cat":[77],"product_tag":[],"class_list":{"0":"post-9241","1":"product","2":"type-product","3":"status-publish","4":"has-post-thumbnail","6":"product_cat-lampy-scienne","9":"first","10":"instock","11":"shipping-taxable","12":"product-type-simple"},"jetpack-related-posts":[],"jetpack_sharing_enabled":true,"_links":{"self":[{"href":"https:\/\/holdbox.eu\/index.php?rest_route=\/wp\/v2\/product\/9241","targetHints":{"allow":["GET"]}}],"collection":[{"href":"https:\/\/holdbox.eu\/index.php?rest_route=\/wp\/v2\/product"}],"about":[{"href":"https:\/\/holdbox.eu\/index.php?rest_route=\/wp\/v2\/types\/product"}],"wp:featuredmedia":[{"embeddable":true,"href":"https:\/\/holdbox.eu\/index.php?rest_route=\/wp\/v2\/media\/10228"}],"wp:attachment":[{"href":"https:\/\/holdbox.eu\/index.php?rest_route=%2Fwp%2Fv2%2Fmedia&parent=9241"}],"wp:term":[{"taxonomy":"product_brand","embeddable":true,"href":"https:\/\/holdbox.eu\/index.php?rest_route=%2Fwp%2Fv2%2Fproduct_brand&post=9241"},{"taxonomy":"product_cat","embeddable":true,"href":"https:\/\/holdbox.eu\/index.php?rest_route=%2Fwp%2Fv2%2Fproduct_cat&post=9241"},{"taxonomy":"product_tag","embeddable":true,"href":"https:\/\/holdbox.eu\/index.php?rest_route=%2Fwp%2Fv2%2Fproduct_tag&post=9241"}],"curies":[{"name":"wp","href":"https:\/\/api.w.org\/{rel}","templated":true}]}}