{"id":9238,"date":"2020-04-01T12:30:07","date_gmt":"2020-04-01T12:30:07","guid":{"rendered":"https:\/\/holdbox.eu\/?post_type=product&#038;p=9238"},"modified":"2021-09-30T10:31:12","modified_gmt":"2021-09-30T08:31:12","slug":"rodi-moon-8w-czarny","status":"publish","type":"product","link":"https:\/\/holdbox.eu\/?product=rodi-moon-8w-czarny","title":{"rendered":"Rodi Moon 8W Czarny"},"content":{"rendered":"<p><a href=\"https:\/\/holdbox.eu\/wp-content\/uploads\/2020\/04\/HB13003_04-KARTA-KATALOGOWA-RODI-MOON-8W.pdf\" target=\"_blank\" rel=\"noopener\">Karta katalogowa.PDF<\/a><br \/>\n<a href=\"https:\/\/holdbox.eu\/wp-content\/uploads\/2020\/04\/Pobierz-instrukcj\u0119-RODI-MOON.PDF.pdf\" target=\"_blank\" rel=\"noopener noreferrer\">Instrukcja.PDF<\/a><br \/>\n<a href=\"https:\/\/holdbox.eu\/wp-content\/uploads\/2020\/04\/CE-RODI-MOON.pdf\" target=\"_blank\" rel=\"noopener noreferrer\">Deklaracja CE<\/a><br \/>\n<a href=\"https:\/\/eprel.ec.europa.eu\/screen\/product\/lightsources\/598595\" target=\"_blank\" rel=\"noopener\"><img data-recalc-dims=\"1\" loading=\"lazy\" decoding=\"async\" class=\"alignnone wp-image-15811\" src=\"https:\/\/i0.wp.com\/holdbox.eu\/wp-content\/uploads\/2020\/04\/G_Left.png?resize=100%2C60&#038;ssl=1\" alt=\"\" width=\"100\" height=\"60\" srcset=\"https:\/\/i0.wp.com\/holdbox.eu\/wp-content\/uploads\/2020\/04\/G_Left.png?resize=300%2C180&amp;ssl=1 300w, https:\/\/i0.wp.com\/holdbox.eu\/wp-content\/uploads\/2020\/04\/G_Left.png?resize=64%2C38&amp;ssl=1 64w, https:\/\/i0.wp.com\/holdbox.eu\/wp-content\/uploads\/2020\/04\/G_Left.png?w=472&amp;ssl=1 472w\" sizes=\"auto, (max-width: 100px) 100vw, 100px\" \/><\/a><\/p>\n","protected":false},"excerpt":{"rendered":"<p style=\"text-align: center;\">Lampa \u015bcienna z wymiennym \u017ar\u00f3d\u0142em \u015bwiat\u0142a. Idealna do nadania przytulnego klimatu.<\/p>\n<p><img loading=\"lazy\" decoding=\"async\" class=\"wp-image-10291 aligncenter\" src=\"https:\/\/holdbox.eu\/wp-content\/uploads\/2020\/04\/HB13004-RODI-MOON-8W-CZARNA-A.jpg\" alt=\"\" width=\"500\" height=\"500\" srcset=\"https:\/\/i0.wp.com\/holdbox.eu\/wp-content\/uploads\/2020\/04\/HB13004-RODI-MOON-8W-CZARNA-A.jpg?w=1024&amp;ssl=1 1024w, https:\/\/i0.wp.com\/holdbox.eu\/wp-content\/uploads\/2020\/04\/HB13004-RODI-MOON-8W-CZARNA-A.jpg?resize=100%2C100&amp;ssl=1 100w, https:\/\/i0.wp.com\/holdbox.eu\/wp-content\/uploads\/2020\/04\/HB13004-RODI-MOON-8W-CZARNA-A.jpg?resize=64%2C64&amp;ssl=1 64w, https:\/\/i0.wp.com\/holdbox.eu\/wp-content\/uploads\/2020\/04\/HB13004-RODI-MOON-8W-CZARNA-A.jpg?resize=500%2C500&amp;ssl=1 500w, https:\/\/i0.wp.com\/holdbox.eu\/wp-content\/uploads\/2020\/04\/HB13004-RODI-MOON-8W-CZARNA-A.jpg?resize=300%2C300&amp;ssl=1 300w, https:\/\/i0.wp.com\/holdbox.eu\/wp-content\/uploads\/2020\/04\/HB13004-RODI-MOON-8W-CZARNA-A.jpg?resize=150%2C150&amp;ssl=1 150w, https:\/\/i0.wp.com\/holdbox.eu\/wp-content\/uploads\/2020\/04\/HB13004-RODI-MOON-8W-CZARNA-A.jpg?resize=768%2C768&amp;ssl=1 768w, https:\/\/i0.wp.com\/holdbox.eu\/wp-content\/uploads\/2020\/04\/HB13004-RODI-MOON-8W-CZARNA-A.jpg?resize=145%2C145&amp;ssl=1 145w, https:\/\/i0.wp.com\/holdbox.eu\/wp-content\/uploads\/2020\/04\/HB13004-RODI-MOON-8W-CZARNA-A.jpg?resize=50%2C50&amp;ssl=1 50w\" sizes=\"auto, (max-width: 500px) 100vw, 500px\" \/><\/p>\n","protected":false},"featured_media":10294,"template":"","meta":[],"product_brand":[],"product_cat":[77],"product_tag":[],"class_list":{"0":"post-9238","1":"product","2":"type-product","3":"status-publish","4":"has-post-thumbnail","6":"product_cat-lampy-scienne","9":"first","10":"instock","11":"shipping-taxable","12":"product-type-simple"},"jetpack-related-posts":[],"jetpack_sharing_enabled":true,"_links":{"self":[{"href":"https:\/\/holdbox.eu\/index.php?rest_route=\/wp\/v2\/product\/9238","targetHints":{"allow":["GET"]}}],"collection":[{"href":"https:\/\/holdbox.eu\/index.php?rest_route=\/wp\/v2\/product"}],"about":[{"href":"https:\/\/holdbox.eu\/index.php?rest_route=\/wp\/v2\/types\/product"}],"wp:featuredmedia":[{"embeddable":true,"href":"https:\/\/holdbox.eu\/index.php?rest_route=\/wp\/v2\/media\/10294"}],"wp:attachment":[{"href":"https:\/\/holdbox.eu\/index.php?rest_route=%2Fwp%2Fv2%2Fmedia&parent=9238"}],"wp:term":[{"taxonomy":"product_brand","embeddable":true,"href":"https:\/\/holdbox.eu\/index.php?rest_route=%2Fwp%2Fv2%2Fproduct_brand&post=9238"},{"taxonomy":"product_cat","embeddable":true,"href":"https:\/\/holdbox.eu\/index.php?rest_route=%2Fwp%2Fv2%2Fproduct_cat&post=9238"},{"taxonomy":"product_tag","embeddable":true,"href":"https:\/\/holdbox.eu\/index.php?rest_route=%2Fwp%2Fv2%2Fproduct_tag&post=9238"}],"curies":[{"name":"wp","href":"https:\/\/api.w.org\/{rel}","templated":true}]}}