{"id":9209,"date":"2020-04-01T11:08:18","date_gmt":"2020-04-01T11:08:18","guid":{"rendered":"https:\/\/holdbox.eu\/?post_type=product&#038;p=9209"},"modified":"2025-02-10T13:07:46","modified_gmt":"2025-02-10T12:07:46","slug":"alba-wall-biala","status":"publish","type":"product","link":"https:\/\/holdbox.eu\/?product=alba-wall-biala","title":{"rendered":"Alba Wall Bia\u0142a"},"content":{"rendered":"<p><a href=\"https:\/\/holdbox.eu\/wp-content\/uploads\/2020\/04\/HB13023_24_22-KARTA-KATALOGOWA-ALBA.pdf\" target=\"_blank\" rel=\"noopener\">Karta katalogowa.PDF<\/a><br \/>\n<a href=\"https:\/\/holdbox.eu\/wp-content\/uploads\/2020\/04\/Pobierz-instrukcj\u0119-ALBA-WAL.PDF.pdf\" target=\"_blank\" rel=\"noopener noreferrer\">Instrukcja.PDF<\/a><br \/>\n<a href=\"https:\/\/holdbox.eu\/wp-content\/uploads\/2020\/04\/Deklaracja-CE-ALBA-WALL.pdf\" target=\"_blank\" rel=\"noopener\">Deklaracja CE<\/a><br \/>\n<a href=\"https:\/\/eprel.ec.europa.eu\/screen\/product\/lightsources\/598232\" target=\"_blank\" rel=\"noopener\"><img data-recalc-dims=\"1\" loading=\"lazy\" decoding=\"async\" class=\"alignleft wp-image-15811\" src=\"https:\/\/i0.wp.com\/holdbox.eu\/wp-content\/uploads\/2020\/04\/G_Left.png?resize=100%2C60&#038;ssl=1\" alt=\"\" width=\"100\" height=\"60\" srcset=\"https:\/\/i0.wp.com\/holdbox.eu\/wp-content\/uploads\/2020\/04\/G_Left.png?resize=300%2C180&amp;ssl=1 300w, https:\/\/i0.wp.com\/holdbox.eu\/wp-content\/uploads\/2020\/04\/G_Left.png?resize=64%2C38&amp;ssl=1 64w, https:\/\/i0.wp.com\/holdbox.eu\/wp-content\/uploads\/2020\/04\/G_Left.png?w=472&amp;ssl=1 472w\" sizes=\"auto, (max-width: 100px) 100vw, 100px\" \/><\/a><\/p>\n","protected":false},"excerpt":{"rendered":"<p style=\"text-align: center;\">Lampa \u015bcienna z wbudowanym \u017ar\u00f3d\u0142em LED. Idealna do nadania przytulnego klimatu.<\/p>\n<p><img loading=\"lazy\" decoding=\"async\" class=\"wp-image-10541 aligncenter\" src=\"https:\/\/holdbox.eu\/wp-content\/uploads\/2020\/04\/HB13023_ALBA-WALL-BIA\u0141A-A.jpg\" alt=\"\" width=\"500\" height=\"500\" \/><\/p>\n","protected":false},"featured_media":10549,"template":"","meta":[],"product_brand":[],"product_cat":[77],"product_tag":[],"class_list":{"0":"post-9209","1":"product","2":"type-product","3":"status-publish","4":"has-post-thumbnail","6":"product_cat-lampy-scienne","9":"first","10":"instock","11":"shipping-taxable","12":"product-type-simple"},"jetpack-related-posts":[],"jetpack_sharing_enabled":true,"_links":{"self":[{"href":"https:\/\/holdbox.eu\/index.php?rest_route=\/wp\/v2\/product\/9209","targetHints":{"allow":["GET"]}}],"collection":[{"href":"https:\/\/holdbox.eu\/index.php?rest_route=\/wp\/v2\/product"}],"about":[{"href":"https:\/\/holdbox.eu\/index.php?rest_route=\/wp\/v2\/types\/product"}],"wp:featuredmedia":[{"embeddable":true,"href":"https:\/\/holdbox.eu\/index.php?rest_route=\/wp\/v2\/media\/10549"}],"wp:attachment":[{"href":"https:\/\/holdbox.eu\/index.php?rest_route=%2Fwp%2Fv2%2Fmedia&parent=9209"}],"wp:term":[{"taxonomy":"product_brand","embeddable":true,"href":"https:\/\/holdbox.eu\/index.php?rest_route=%2Fwp%2Fv2%2Fproduct_brand&post=9209"},{"taxonomy":"product_cat","embeddable":true,"href":"https:\/\/holdbox.eu\/index.php?rest_route=%2Fwp%2Fv2%2Fproduct_cat&post=9209"},{"taxonomy":"product_tag","embeddable":true,"href":"https:\/\/holdbox.eu\/index.php?rest_route=%2Fwp%2Fv2%2Fproduct_tag&post=9209"}],"curies":[{"name":"wp","href":"https:\/\/api.w.org\/{rel}","templated":true}]}}