{"id":9186,"date":"2020-04-01T10:35:16","date_gmt":"2020-04-01T10:35:16","guid":{"rendered":"https:\/\/holdbox.eu\/?post_type=product&#038;p=9186"},"modified":"2021-09-13T14:47:42","modified_gmt":"2021-09-13T12:47:42","slug":"bari-up-down-gu10-bialy","status":"publish","type":"product","link":"https:\/\/holdbox.eu\/?product=bari-up-down-gu10-bialy","title":{"rendered":"Bari Up\/Down GU10 Bia\u0142y"},"content":{"rendered":"<p><a href=\"https:\/\/holdbox.eu\/wp-content\/uploads\/2020\/04\/HB13019_020-KARTA-KATALOGOWA-BARI-UP_DOWN.pdf\" target=\"_blank\" rel=\"noopener\">Karta katalogowa.PDF<\/a><br \/>\n<a href=\"https:\/\/holdbox.eu\/wp-content\/uploads\/2020\/04\/Instrukcja-BARI-UP_DOWN_2.pdf\" target=\"_blank\" rel=\"noopener\">Instrukcja.PDF<\/a><br \/>\n<a href=\"https:\/\/holdbox.eu\/wp-content\/uploads\/2020\/04\/Deklaracja-CE-BARI.pdf\" target=\"_blank\" rel=\"noopener\">Deklaracja CE<\/a><\/p>\n","protected":false},"excerpt":{"rendered":"<p style=\"text-align: center;\">Lampa \u015bcienna z wymiennym \u017ar\u00f3d\u0142em \u015bwiat\u0142a. Idealna do nadania przytulnego klimatu.<\/p>\n<p><img loading=\"lazy\" decoding=\"async\" class=\"wp-image-10530 aligncenter\" src=\"https:\/\/holdbox.eu\/wp-content\/uploads\/2020\/04\/HB13019_BARI-UP-DOWN-BIA\u0141A-A.jpg\" alt=\"\" width=\"500\" height=\"500\" \/><\/p>\n","protected":false},"featured_media":10528,"template":"","meta":[],"product_brand":[],"product_cat":[77],"product_tag":[],"class_list":{"0":"post-9186","1":"product","2":"type-product","3":"status-publish","4":"has-post-thumbnail","6":"product_cat-lampy-scienne","9":"first","10":"instock","11":"shipping-taxable","12":"product-type-simple"},"jetpack-related-posts":[],"jetpack_sharing_enabled":true,"_links":{"self":[{"href":"https:\/\/holdbox.eu\/index.php?rest_route=\/wp\/v2\/product\/9186","targetHints":{"allow":["GET"]}}],"collection":[{"href":"https:\/\/holdbox.eu\/index.php?rest_route=\/wp\/v2\/product"}],"about":[{"href":"https:\/\/holdbox.eu\/index.php?rest_route=\/wp\/v2\/types\/product"}],"wp:featuredmedia":[{"embeddable":true,"href":"https:\/\/holdbox.eu\/index.php?rest_route=\/wp\/v2\/media\/10528"}],"wp:attachment":[{"href":"https:\/\/holdbox.eu\/index.php?rest_route=%2Fwp%2Fv2%2Fmedia&parent=9186"}],"wp:term":[{"taxonomy":"product_brand","embeddable":true,"href":"https:\/\/holdbox.eu\/index.php?rest_route=%2Fwp%2Fv2%2Fproduct_brand&post=9186"},{"taxonomy":"product_cat","embeddable":true,"href":"https:\/\/holdbox.eu\/index.php?rest_route=%2Fwp%2Fv2%2Fproduct_cat&post=9186"},{"taxonomy":"product_tag","embeddable":true,"href":"https:\/\/holdbox.eu\/index.php?rest_route=%2Fwp%2Fv2%2Fproduct_tag&post=9186"}],"curies":[{"name":"wp","href":"https:\/\/api.w.org\/{rel}","templated":true}]}}