{"id":9102,"date":"2020-03-31T08:17:03","date_gmt":"2020-03-31T08:17:03","guid":{"rendered":"https:\/\/holdbox.eu\/?post_type=product&#038;p=9102"},"modified":"2026-03-21T16:11:50","modified_gmt":"2026-03-21T15:11:50","slug":"monza-pendant-e27-biala","status":"publish","type":"product","link":"https:\/\/holdbox.eu\/?product=monza-pendant-e27-biala","title":{"rendered":"Monza Pendant E27 bia\u0142a"},"content":{"rendered":"<p><a href=\"https:\/\/holdbox.eu\/wp-content\/uploads\/2020\/03\/Pobierz-karte-katalogowa-MONZA-PENDANT-E27.PDF.pdf\" target=\"_blank\" rel=\"noopener noreferrer\">Karta katalogowa.PDF<\/a><br \/>\n<a href=\"https:\/\/holdbox.eu\/wp-content\/uploads\/2020\/03\/Pobierz-instrukcje-MONZA-PENDANT-E27.pdf\" target=\"_blank\" rel=\"noopener noreferrer\">Instrukcja.PDF<\/a><br \/>\n<a href=\"https:\/\/holdbox.eu\/wp-content\/uploads\/2020\/03\/CE-MONZA.pdf\" target=\"_blank\" rel=\"noopener noreferrer\">Deklaracja CE<\/a><\/p>\n","protected":false},"excerpt":{"rendered":"<p style=\"text-align: center;\">Wisz\u0105ca lampa z wymiennym \u017ar\u00f3d\u0142em \u015bwiat\u0142a. Idealna do salonu, jadalni, restauracji.<\/p>\n<p><img loading=\"lazy\" decoding=\"async\" class=\"wp-image-9492 aligncenter\" src=\"https:\/\/holdbox.eu\/wp-content\/uploads\/2020\/03\/HB14023-MONZA-E27-BIA\u0141A-A.jpg\" alt=\"\" width=\"500\" height=\"500\" \/><\/p>\n","protected":false},"featured_media":9954,"template":"","meta":[],"product_brand":[],"product_cat":[91],"product_tag":[],"class_list":{"0":"post-9102","1":"product","2":"type-product","3":"status-publish","4":"has-post-thumbnail","6":"product_cat-lampy-wiszace","9":"first","10":"instock","11":"shipping-taxable","12":"product-type-simple"},"jetpack-related-posts":[],"jetpack_sharing_enabled":true,"_links":{"self":[{"href":"https:\/\/holdbox.eu\/index.php?rest_route=\/wp\/v2\/product\/9102","targetHints":{"allow":["GET"]}}],"collection":[{"href":"https:\/\/holdbox.eu\/index.php?rest_route=\/wp\/v2\/product"}],"about":[{"href":"https:\/\/holdbox.eu\/index.php?rest_route=\/wp\/v2\/types\/product"}],"wp:featuredmedia":[{"embeddable":true,"href":"https:\/\/holdbox.eu\/index.php?rest_route=\/wp\/v2\/media\/9954"}],"wp:attachment":[{"href":"https:\/\/holdbox.eu\/index.php?rest_route=%2Fwp%2Fv2%2Fmedia&parent=9102"}],"wp:term":[{"taxonomy":"product_brand","embeddable":true,"href":"https:\/\/holdbox.eu\/index.php?rest_route=%2Fwp%2Fv2%2Fproduct_brand&post=9102"},{"taxonomy":"product_cat","embeddable":true,"href":"https:\/\/holdbox.eu\/index.php?rest_route=%2Fwp%2Fv2%2Fproduct_cat&post=9102"},{"taxonomy":"product_tag","embeddable":true,"href":"https:\/\/holdbox.eu\/index.php?rest_route=%2Fwp%2Fv2%2Fproduct_tag&post=9102"}],"curies":[{"name":"wp","href":"https:\/\/api.w.org\/{rel}","templated":true}]}}