{"id":9040,"date":"2020-03-30T12:47:21","date_gmt":"2020-03-30T12:47:21","guid":{"rendered":"https:\/\/holdbox.eu\/?post_type=product&#038;p=9040"},"modified":"2026-03-21T15:52:59","modified_gmt":"2026-03-21T14:52:59","slug":"modena-9w-biala","status":"publish","type":"product","link":"https:\/\/holdbox.eu\/?product=modena-9w-biala","title":{"rendered":"Modena 9W bia\u0142a"},"content":{"rendered":"<p><a href=\"https:\/\/holdbox.eu\/wp-content\/uploads\/2020\/03\/HB14027_28-KARTA-KATALOGOWA-MODENA-9W.pdf\" target=\"_blank\" rel=\"noopener\">Karta katalogowa.PDF<\/a><br \/>\n<a href=\"https:\/\/holdbox.eu\/wp-content\/uploads\/2020\/03\/Pobierz-instrukcje-MODENA.PDF.pdf\" target=\"_blank\" rel=\"noopener noreferrer\">Instrukcja.PDF<\/a><br \/>\n<a href=\"https:\/\/holdbox.eu\/wp-content\/uploads\/2020\/03\/CE-MODENA.pdf\" target=\"_blank\" rel=\"noopener noreferrer\">Deklaracja CE<\/a><br \/>\n<a href=\"https:\/\/eprel.ec.europa.eu\/screen\/product\/lightsources\/597957\" target=\"_blank\" rel=\"noopener\"><img data-recalc-dims=\"1\" loading=\"lazy\" decoding=\"async\" class=\"alignleft wp-image-15811\" src=\"https:\/\/i0.wp.com\/holdbox.eu\/wp-content\/uploads\/2020\/04\/G_Left.png?resize=100%2C60&#038;ssl=1\" alt=\"\" width=\"100\" height=\"60\" srcset=\"https:\/\/i0.wp.com\/holdbox.eu\/wp-content\/uploads\/2020\/04\/G_Left.png?resize=300%2C180&amp;ssl=1 300w, https:\/\/i0.wp.com\/holdbox.eu\/wp-content\/uploads\/2020\/04\/G_Left.png?resize=64%2C38&amp;ssl=1 64w, https:\/\/i0.wp.com\/holdbox.eu\/wp-content\/uploads\/2020\/04\/G_Left.png?w=472&amp;ssl=1 472w\" sizes=\"auto, (max-width: 100px) 100vw, 100px\" \/><\/a><\/p>\n","protected":false},"excerpt":{"rendered":"<p style=\"text-align: center;\">Wisz\u0105ca lampa z wbudowanym \u017ar\u00f3d\u0142em LED. Idealna do salonu lub jadalni.<\/p>\n<p><img loading=\"lazy\" decoding=\"async\" class=\"wp-image-9766 aligncenter\" src=\"https:\/\/holdbox.eu\/wp-content\/uploads\/2020\/03\/HB14027-MODENA-BIA\u0141A-A.jpg\" alt=\"\" width=\"500\" height=\"500\" \/><\/p>\n","protected":false},"featured_media":14565,"template":"","meta":[],"product_brand":[],"product_cat":[91],"product_tag":[],"class_list":{"0":"post-9040","1":"product","2":"type-product","3":"status-publish","4":"has-post-thumbnail","6":"product_cat-lampy-wiszace","9":"first","10":"instock","11":"shipping-taxable","12":"product-type-simple"},"jetpack-related-posts":[],"jetpack_sharing_enabled":true,"_links":{"self":[{"href":"https:\/\/holdbox.eu\/index.php?rest_route=\/wp\/v2\/product\/9040","targetHints":{"allow":["GET"]}}],"collection":[{"href":"https:\/\/holdbox.eu\/index.php?rest_route=\/wp\/v2\/product"}],"about":[{"href":"https:\/\/holdbox.eu\/index.php?rest_route=\/wp\/v2\/types\/product"}],"wp:featuredmedia":[{"embeddable":true,"href":"https:\/\/holdbox.eu\/index.php?rest_route=\/wp\/v2\/media\/14565"}],"wp:attachment":[{"href":"https:\/\/holdbox.eu\/index.php?rest_route=%2Fwp%2Fv2%2Fmedia&parent=9040"}],"wp:term":[{"taxonomy":"product_brand","embeddable":true,"href":"https:\/\/holdbox.eu\/index.php?rest_route=%2Fwp%2Fv2%2Fproduct_brand&post=9040"},{"taxonomy":"product_cat","embeddable":true,"href":"https:\/\/holdbox.eu\/index.php?rest_route=%2Fwp%2Fv2%2Fproduct_cat&post=9040"},{"taxonomy":"product_tag","embeddable":true,"href":"https:\/\/holdbox.eu\/index.php?rest_route=%2Fwp%2Fv2%2Fproduct_tag&post=9040"}],"curies":[{"name":"wp","href":"https:\/\/api.w.org\/{rel}","templated":true}]}}