{"id":10688,"date":"2020-04-21T09:13:41","date_gmt":"2020-04-21T09:13:41","guid":{"rendered":"https:\/\/holdbox.eu\/?post_type=product&#038;p=10688"},"modified":"2020-05-18T09:00:43","modified_gmt":"2020-05-18T09:00:43","slug":"panel-szklany-dotykowy-hb-pan-20w","status":"publish","type":"product","link":"https:\/\/holdbox.eu\/?product=panel-szklany-dotykowy-hb-pan-20w","title":{"rendered":"Panel szklany dotykowy HB-PAN 20W"},"content":{"rendered":"<p><a href=\"https:\/\/holdbox.eu\/wp-content\/uploads\/2020\/04\/Instrukcja-HB-PAN-10W_10B.pdf\" target=\"_blank\" rel=\"noopener noreferrer\">Instrukcja.PDF<\/a><\/p>\n","protected":false},"excerpt":{"rendered":"<p>Czterostrefowy bezprzewodowy dotykowy nadajnik do monta\u017cu \u015bciennego dla diod jednokolorowych LED z mo\u017cliwo\u015bci\u0105 sterowania nat\u0119\u017ceniem \u015bwiat\u0142a.<\/p>\n","protected":false},"featured_media":10807,"template":"","meta":[],"product_brand":[],"product_cat":[121,186],"product_tag":[],"class_list":{"0":"post-10688","1":"product","2":"type-product","3":"status-publish","4":"has-post-thumbnail","6":"product_cat-sterowanie-led","7":"product_cat-1-kolor-led-nadajniki","10":"first","11":"instock","12":"shipping-taxable","13":"product-type-simple"},"jetpack-related-posts":[],"jetpack_sharing_enabled":true,"_links":{"self":[{"href":"https:\/\/holdbox.eu\/index.php?rest_route=\/wp\/v2\/product\/10688","targetHints":{"allow":["GET"]}}],"collection":[{"href":"https:\/\/holdbox.eu\/index.php?rest_route=\/wp\/v2\/product"}],"about":[{"href":"https:\/\/holdbox.eu\/index.php?rest_route=\/wp\/v2\/types\/product"}],"wp:featuredmedia":[{"embeddable":true,"href":"https:\/\/holdbox.eu\/index.php?rest_route=\/wp\/v2\/media\/10807"}],"wp:attachment":[{"href":"https:\/\/holdbox.eu\/index.php?rest_route=%2Fwp%2Fv2%2Fmedia&parent=10688"}],"wp:term":[{"taxonomy":"product_brand","embeddable":true,"href":"https:\/\/holdbox.eu\/index.php?rest_route=%2Fwp%2Fv2%2Fproduct_brand&post=10688"},{"taxonomy":"product_cat","embeddable":true,"href":"https:\/\/holdbox.eu\/index.php?rest_route=%2Fwp%2Fv2%2Fproduct_cat&post=10688"},{"taxonomy":"product_tag","embeddable":true,"href":"https:\/\/holdbox.eu\/index.php?rest_route=%2Fwp%2Fv2%2Fproduct_tag&post=10688"}],"curies":[{"name":"wp","href":"https:\/\/api.w.org\/{rel}","templated":true}]}}